{"id":73,"date":"2023-11-15T19:59:44","date_gmt":"2023-11-15T19:59:44","guid":{"rendered":"https:\/\/wp.idhsuisse.ch\/?page_id=73"},"modified":"2024-09-14T15:00:33","modified_gmt":"2024-09-14T15:00:33","slug":"faire-un-don","status":"publish","type":"page","link":"https:\/\/wp.idhsuisse.ch\/index.php\/faire-un-don\/","title":{"rendered":"Faire un don"},"content":{"rendered":"\t\t<div data-elementor-type=\"wp-page\" data-elementor-id=\"73\" class=\"elementor elementor-73\">\n\t\t\t\t<div class=\"elementor-element elementor-element-50f4702 e-flex e-con-boxed e-con e-parent\" data-id=\"50f4702\" data-element_type=\"container\" data-settings=\"{&quot;background_background&quot;:&quot;classic&quot;}\">\n\t\t\t\t\t<div class=\"e-con-inner\">\n\t\t\t\t<div class=\"elementor-element elementor-element-43c9103 elementor-widget elementor-widget-heading\" data-id=\"43c9103\" data-element_type=\"widget\" data-widget_type=\"heading.default\">\n\t\t\t\t<div class=\"elementor-widget-container\">\n\t\t\t\t\t<h2 class=\"elementor-heading-title elementor-size-default\"><br>Faire un don<br><\/h2>\t\t\t\t<\/div>\n\t\t\t\t<\/div>\n\t\t<div class=\"elementor-element elementor-element-f89362f e-con-full e-flex e-con e-child\" data-id=\"f89362f\" data-element_type=\"container\">\n\t\t\t\t<div class=\"elementor-element elementor-element-d41568f elementor-widget elementor-widget-text-editor\" data-id=\"d41568f\" data-element_type=\"widget\" data-widget_type=\"text-editor.default\">\n\t\t\t\t<div class=\"elementor-widget-container\">\n\t\t\t\t\t\t\t\t\t<p><br><\/p><p>Vos dons nous permettent d&rsquo;organiser des nouvelles activit\u00e9s et de cr\u00e9er de nouveaux projets et pour cela nous vous remercions!<\/p>\n<p>Nos coordonn\u00e9es bancaires son les suivantes :<\/p>\n<p><strong>CH97 3012 3228 0820 0200 0<\/strong><br><strong>IDH-Suisse Institut pour le D\u00e9veloppement Humain-Suisse<\/strong><br><strong>Rue Pr\u00e9vost-Martin 29<\/strong><br><strong>1205 Gen\u00e8ve<\/strong><\/p>\n<p><strong>Clearing bancaire: 8390<\/strong><br><strong>BIC\/SWIFT code: ABSOCH22<\/strong><\/p>\n<p>IDH Suisse est reconnue comme une institution d\u2019utilit\u00e9 publique depuis 2020 par le canton de Gen\u00e8ve. Les dons \u00e0 notre association sont donc d\u00e9ductibles des imp\u00f4ts.<\/p>\t\t\t\t\t\t\t\t<\/div>\n\t\t\t\t<\/div>\n\t\t\t\t<\/div>\n\t\t\t\t\t<\/div>\n\t\t\t\t<\/div>\n\t\t\t\t<\/div>\n\t\t","protected":false},"excerpt":{"rendered":"<p>Faire un don Vos dons nous permettent d&rsquo;organiser des nouvelles activit\u00e9s et de cr\u00e9er de nouveaux projets et pour cela nous vous remercions! Nos coordonn\u00e9es bancaires son les suivantes : CH97 3012 3228 0820 0200 0IDH-Suisse Institut pour le D\u00e9veloppement Humain-SuisseRue Pr\u00e9vost-Martin 291205 Gen\u00e8ve Clearing bancaire: 8390BIC\/SWIFT code: ABSOCH22 IDH [&hellip;]<\/p>\n","protected":false},"author":1,"featured_media":0,"parent":0,"menu_order":0,"comment_status":"closed","ping_status":"closed","template":"page-templates\/template-pagebuilder-full-width.php","meta":{"_eb_attr":"","footnotes":""},"class_list":["post-73","page","type-page","status-publish","hentry"],"_links":{"self":[{"href":"https:\/\/wp.idhsuisse.ch\/index.php\/wp-json\/wp\/v2\/pages\/73","targetHints":{"allow":["GET"]}}],"collection":[{"href":"https:\/\/wp.idhsuisse.ch\/index.php\/wp-json\/wp\/v2\/pages"}],"about":[{"href":"https:\/\/wp.idhsuisse.ch\/index.php\/wp-json\/wp\/v2\/types\/page"}],"author":[{"embeddable":true,"href":"https:\/\/wp.idhsuisse.ch\/index.php\/wp-json\/wp\/v2\/users\/1"}],"replies":[{"embeddable":true,"href":"https:\/\/wp.idhsuisse.ch\/index.php\/wp-json\/wp\/v2\/comments?post=73"}],"version-history":[{"count":22,"href":"https:\/\/wp.idhsuisse.ch\/index.php\/wp-json\/wp\/v2\/pages\/73\/revisions"}],"predecessor-version":[{"id":1709,"href":"https:\/\/wp.idhsuisse.ch\/index.php\/wp-json\/wp\/v2\/pages\/73\/revisions\/1709"}],"wp:attachment":[{"href":"https:\/\/wp.idhsuisse.ch\/index.php\/wp-json\/wp\/v2\/media?parent=73"}],"curies":[{"name":"wp","href":"https:\/\/api.w.org\/{rel}","templated":true}]}}