{"id":623,"date":"2023-12-28T20:20:41","date_gmt":"2023-12-28T20:20:41","guid":{"rendered":"https:\/\/wp.idhsuisse.ch\/?page_id=623"},"modified":"2024-09-14T14:50:29","modified_gmt":"2024-09-14T14:50:29","slug":"benevolat","status":"publish","type":"page","link":"https:\/\/wp.idhsuisse.ch\/index.php\/benevolat\/","title":{"rendered":"B\u00e9n\u00e9volat"},"content":{"rendered":"\t\t<div data-elementor-type=\"wp-page\" data-elementor-id=\"623\" class=\"elementor elementor-623\">\n\t\t\t\t<div class=\"elementor-element elementor-element-7715e3e e-flex e-con-boxed e-con e-parent\" data-id=\"7715e3e\" data-element_type=\"container\" data-settings=\"{&quot;background_background&quot;:&quot;classic&quot;}\">\n\t\t\t\t\t<div class=\"e-con-inner\">\n\t\t\t\t<div class=\"elementor-element elementor-element-2e1304b elementor-widget elementor-widget-heading\" data-id=\"2e1304b\" data-element_type=\"widget\" data-widget_type=\"heading.default\">\n\t\t\t\t<div class=\"elementor-widget-container\">\n\t\t\t\t\t<h2 class=\"elementor-heading-title elementor-size-default\">B\u00e9n\u00e9volat<\/h2>\t\t\t\t<\/div>\n\t\t\t\t<\/div>\n\t\t<div class=\"elementor-element elementor-element-84b8ecd e-con-full e-flex e-con e-child\" data-id=\"84b8ecd\" data-element_type=\"container\">\n\t\t\t\t<div class=\"elementor-element elementor-element-61ba002 elementor-widget elementor-widget-text-editor\" data-id=\"61ba002\" data-element_type=\"widget\" data-widget_type=\"text-editor.default\">\n\t\t\t\t<div class=\"elementor-widget-container\">\n\t\t\t\t\t\t\t\t\t<p>Vous avez envie de partir en Bolivie et de faire du b\u00e9n\u00e9volat aupr\u00e8s de notre partenaire local \u00e0 Cochabamba\u00a0? Vous avez un bon niveau d\u2019espagnol\u00a0? Depuis sa cr\u00e9ation, IDH Bolivia a accueilli plus de 200 volontaires de toutes nationalit\u00e9s et avec des profils diff\u00e9rents pour renforcer les activit\u00e9s de l\u2019institution dans le domaine de la sant\u00e9, les droits humains, la pr\u00e9vention, la recherche ou le traitement de personnes vivant avec le VIH ou le SIDA.<\/p><p>Pour plus d\u2019informations veuillez<span>\u00a0<\/span><a href=\"https:\/\/idhbolivia.org\/internacionales\/\" data-extlink=\"\">consulter les conditions<\/a><span>\u00a0<\/span>sur le site de notre partenaire.\u00a0<span style=\"font-size: inherit; text-align: var(--text-align);\">Si cela vous int\u00e9resse, nous vous conseillons de<\/span>\u00a0<a href=\"https:\/\/idhbolivia.org\/contactos\/\" data-extlink=\"\">contacter notre partenaire<\/a>\u00a0<span style=\"font-size: inherit; text-align: var(--text-align);\">directement.\u00a0<\/span><\/p><p>IDH Suisse se tiens \u00e0 votre disposition pour tout renseignement.<\/p>\t\t\t\t\t\t\t\t<\/div>\n\t\t\t\t<\/div>\n\t\t\t\t<\/div>\n\t\t\t\t\t<\/div>\n\t\t\t\t<\/div>\n\t\t\t\t<\/div>\n\t\t","protected":false},"excerpt":{"rendered":"<p>B\u00e9n\u00e9volat Vous avez envie de partir en Bolivie et de faire du b\u00e9n\u00e9volat aupr\u00e8s de notre partenaire local \u00e0 Cochabamba\u00a0? Vous avez un bon niveau d\u2019espagnol\u00a0? Depuis sa cr\u00e9ation, IDH Bolivia a accueilli plus de 200 volontaires de toutes nationalit\u00e9s et avec des profils diff\u00e9rents pour renforcer les activit\u00e9s de [&hellip;]<\/p>\n","protected":false},"author":1,"featured_media":0,"parent":0,"menu_order":0,"comment_status":"closed","ping_status":"closed","template":"page-templates\/template-pagebuilder-full-width.php","meta":{"_eb_attr":"","footnotes":""},"class_list":["post-623","page","type-page","status-publish","hentry"],"_links":{"self":[{"href":"https:\/\/wp.idhsuisse.ch\/index.php\/wp-json\/wp\/v2\/pages\/623","targetHints":{"allow":["GET"]}}],"collection":[{"href":"https:\/\/wp.idhsuisse.ch\/index.php\/wp-json\/wp\/v2\/pages"}],"about":[{"href":"https:\/\/wp.idhsuisse.ch\/index.php\/wp-json\/wp\/v2\/types\/page"}],"author":[{"embeddable":true,"href":"https:\/\/wp.idhsuisse.ch\/index.php\/wp-json\/wp\/v2\/users\/1"}],"replies":[{"embeddable":true,"href":"https:\/\/wp.idhsuisse.ch\/index.php\/wp-json\/wp\/v2\/comments?post=623"}],"version-history":[{"count":31,"href":"https:\/\/wp.idhsuisse.ch\/index.php\/wp-json\/wp\/v2\/pages\/623\/revisions"}],"predecessor-version":[{"id":1703,"href":"https:\/\/wp.idhsuisse.ch\/index.php\/wp-json\/wp\/v2\/pages\/623\/revisions\/1703"}],"wp:attachment":[{"href":"https:\/\/wp.idhsuisse.ch\/index.php\/wp-json\/wp\/v2\/media?parent=623"}],"curies":[{"name":"wp","href":"https:\/\/api.w.org\/{rel}","templated":true}]}}