{"id":53,"date":"2023-11-11T14:59:50","date_gmt":"2023-11-11T14:59:50","guid":{"rendered":"https:\/\/wp.idhsuisse.ch\/?page_id=53"},"modified":"2023-12-30T13:26:35","modified_gmt":"2023-12-30T13:26:35","slug":"a-propos","status":"publish","type":"page","link":"https:\/\/wp.idhsuisse.ch\/index.php\/a-propos\/","title":{"rendered":"Acceuil"},"content":{"rendered":"\n<figure class=\"wp-block-image size-large\"><img fetchpriority=\"high\" decoding=\"async\" width=\"1024\" height=\"643\" src=\"http:\/\/wp.idhsuisse.ch\/wp-content\/uploads\/2023\/11\/2.-Photo-5-1024x643.jpg\" alt=\"\" class=\"wp-image-31\" srcset=\"https:\/\/wp.idhsuisse.ch\/wp-content\/uploads\/2023\/11\/2.-Photo-5-1024x643.jpg 1024w, https:\/\/wp.idhsuisse.ch\/wp-content\/uploads\/2023\/11\/2.-Photo-5-300x188.jpg 300w, https:\/\/wp.idhsuisse.ch\/wp-content\/uploads\/2023\/11\/2.-Photo-5-768x482.jpg 768w, https:\/\/wp.idhsuisse.ch\/wp-content\/uploads\/2023\/11\/2.-Photo-5-1536x965.jpg 1536w, https:\/\/wp.idhsuisse.ch\/wp-content\/uploads\/2023\/11\/2.-Photo-5-2048x1286.jpg 2048w\" sizes=\"(max-width: 1024px) 100vw, 1024px\" \/><\/figure>\n\n\n\n<p class=\"has-text-align-center\"><strong>Bienvenue \u00e0 l&rsquo;Institut pour le D\u00e9veloppement Humain, IDH Suisse !<\/strong><\/p>\n\n\n\n<p>IDH Suisse est une organisation \u00e0 but non lucratif, cr\u00e9\u00e9e en 2017. Notre principale mission est de soutenir les activit\u00e9s de l&rsquo;<a href=\"https:\/\/idhbolivia.org\/\" data-type=\"link\" data-id=\"https:\/\/idhbolivia.org\/\">IpDH Bolivia<\/a>, l&rsquo;<em>Instituto para el Desarrollo Humano<\/em> dans son engagement envers la population locale et la d\u00e9fense des droits humains.<\/p>\n\n\n\n<p>IpDH Bolivia a \u00e9t\u00e9 cr\u00e9\u00e9e en 1997 dans le but de lutter contre le VIH. Au cours des vingt-six derni\u00e8res ann\u00e9es, cette ONG est devenue un <a href=\"https:\/\/www.opinion.com.bo\/articulo\/revista-asi\/corazon-detras-idh-pareja-que-consolido-proyecto-que-combate-vih-bolivia\/20221202212258889543.html\" data-type=\"link\" data-id=\"https:\/\/www.opinion.com.bo\/articulo\/revista-asi\/corazon-detras-idh-pareja-que-consolido-proyecto-que-combate-vih-bolivia\/20221202212258889543.html\">acteur majeur <\/a>du soutien \u00e0 la population locale et de la d\u00e9fense des droits humains.<\/p>\n\n\n\n<p>Nous soutenons IpDH Bolivia \u00e0 travers divers domaines d&rsquo;intervention. <\/p>\n\n\n\n<ul class=\"wp-block-list\">\n<li><strong>RECHERCHE DE FONDS <\/strong><\/li>\n<\/ul>\n\n\n\n<ul class=\"wp-block-list\">\n<li><strong><mark style=\"background-color:#ffffff\" class=\"has-inline-color has-accent-color\">Fonds Institutionnels<\/mark><\/strong><\/li>\n<\/ul>\n\n\n\n<p>Depuis ses d\u00e9buts, IDH Suisse est un membre actif de la F\u00e9d\u00e9ration Genevoise de Coop\u00e9ration (<a href=\"https:\/\/www.fgc.ch\/\" data-type=\"link\" data-id=\"https:\/\/www.fgc.ch\/\">FGC<\/a>), qui oeuvre au financement de projets de d\u00e9veloppement align\u00e9s sur les Objectifs de D\u00e9veloppement Durable d\u00e9finis par les Nations Unies. <\/p>\n\n\n\n<p>\u00c0 travers des liens \u00e9troits avec IpDH Bolivia, IDH Suisse assure un suivi constant des projets r\u00e9alis\u00e9s sur le terrain afin de fournir les ressources n\u00e9cessaires. <\/p>\n\n\n\n<p>Audit des comptes \/ Suivi des projets \/ <\/p>\n\n\n\n<p>Les fonds r\u00e9colt\u00e9s sont vers\u00e9s en totalit\u00e9 \u00e0 IpDH Bolivia. <\/p>\n\n\n\n<ul class=\"wp-block-list\">\n<li>Donations Priv\u00e9es <\/li>\n<\/ul>\n\n\n\n<p>Cotisations <\/p>\n\n\n\n<ul class=\"wp-block-list\">\n<li><strong>RELATIONS PUBLIQUES <\/strong><\/li>\n<\/ul>\n\n\n\n<p>Afin d&rsquo;accro\u00eetre le rayonnement d&rsquo;IpDH Bolivia en Suisse:<\/p>\n","protected":false},"excerpt":{"rendered":"<p>Bienvenue \u00e0 l&rsquo;Institut pour le D\u00e9veloppement Humain, IDH Suisse ! IDH Suisse est une organisation \u00e0 but non lucratif, cr\u00e9\u00e9e en 2017. Notre principale mission est de soutenir les activit\u00e9s de l&rsquo;IpDH Bolivia, l&rsquo;Instituto para el Desarrollo Humano dans son engagement envers la population locale et la d\u00e9fense des droits [&hellip;]<\/p>\n","protected":false},"author":1,"featured_media":0,"parent":0,"menu_order":0,"comment_status":"closed","ping_status":"closed","template":"","meta":{"_eb_attr":"","footnotes":""},"class_list":["post-53","page","type-page","status-publish","hentry"],"_links":{"self":[{"href":"https:\/\/wp.idhsuisse.ch\/index.php\/wp-json\/wp\/v2\/pages\/53","targetHints":{"allow":["GET"]}}],"collection":[{"href":"https:\/\/wp.idhsuisse.ch\/index.php\/wp-json\/wp\/v2\/pages"}],"about":[{"href":"https:\/\/wp.idhsuisse.ch\/index.php\/wp-json\/wp\/v2\/types\/page"}],"author":[{"embeddable":true,"href":"https:\/\/wp.idhsuisse.ch\/index.php\/wp-json\/wp\/v2\/users\/1"}],"replies":[{"embeddable":true,"href":"https:\/\/wp.idhsuisse.ch\/index.php\/wp-json\/wp\/v2\/comments?post=53"}],"version-history":[{"count":33,"href":"https:\/\/wp.idhsuisse.ch\/index.php\/wp-json\/wp\/v2\/pages\/53\/revisions"}],"predecessor-version":[{"id":1294,"href":"https:\/\/wp.idhsuisse.ch\/index.php\/wp-json\/wp\/v2\/pages\/53\/revisions\/1294"}],"wp:attachment":[{"href":"https:\/\/wp.idhsuisse.ch\/index.php\/wp-json\/wp\/v2\/media?parent=53"}],"curies":[{"name":"wp","href":"https:\/\/api.w.org\/{rel}","templated":true}]}}